{"id":271,"date":"2018-03-26T16:36:51","date_gmt":"2018-03-26T19:36:51","guid":{"rendered":"https:\/\/a3host.com.br\/teste\/?page_id=7"},"modified":"2023-06-10T18:39:09","modified_gmt":"2023-06-10T21:39:09","slug":"charuto","status":"publish","type":"page","link":"https:\/\/chaplintabacaria.com.br\/site\/charuto\/","title":{"rendered":"Charuto"},"content":{"rendered":"<blockquote><p>\u201c O Charuto&#8230; \u00e9 algo que exige respeito. Apela a todos os sentidos, a todos os prazeres, ao olfato, ao gosto, ao tato, ao olhar&#8230; Um bom charuto encerra a promessa de uma experi\u00eancia de puro deleite.\u201d\u00a0\u00a0\u00a0 (Zino Davidoff)<\/p><\/blockquote>\n<h3>Como degustar&#8230;<\/h3>\n<ul>\n<li>Para os iniciantes na degusta\u00e7\u00e3o do charuto \u00e9 recomendado come\u00e7ar a experimentar charutos mais suaves, de tamanho m\u00e9dio, como os charutos baianos ou dominicanos;<\/li>\n<li>Quando for cortar o charuto voc\u00ea perceber\u00e1 que existe uma linha n\u00edtida que se indica o final do acabamento da cabe\u00e7a. Se voc\u00ea cortar al\u00e9m dela, a capa pode se desenrolar e prejudicar a degusta\u00e7\u00e3o;<\/li>\n<li>Para acender o charuto n\u00e3o utilize isqueiro de fluido ou chama de vela, sob o risco de prejudicar a degusta\u00e7\u00e3o;<\/li>\n<li>Para apagar um charuto repouse o charuto no cinzeiro e ele apagar\u00e1 sozinho em alguns minutos. Nunca esmague o charuto no cinzeiro, pois isso causar\u00e1 um cheiro muito desagrad\u00e1vel;<\/li>\n<li>O charuto, sem puxar fuma\u00e7a, fica aceso por no m\u00e1ximo 5 minutos;<\/li>\n<\/ul>\n<h3>Como conservar&#8230;<\/h3>\n<ul>\n<li>Umidificadores, por que ter um? Voc\u00ea ter\u00e1 seus charutos conservados por muito tempo e ter\u00e1 o prazer de degustar\u00a0um charuto bem conservado.<\/li>\n<li>Os Umidificadores s\u00e3o geralmente confeccionados em madeira de Cedro porque\u00a0esta madeira intensifica o sabor \u00e0 medida que envelhecem.<\/li>\n<li>Deve-se retirar o celofane dos charutos para permitir a mistura de aromas.<\/li>\n<li>O Cedro estimula a fus\u00e3o dos aromas de v\u00e1rios tipos de tabaco dando lugar a uma\u00a0mistura de paladar mais rico.<\/li>\n<li>Por serem produtos org\u00e2nicos naturais, o principal para uma boa conserva\u00e7\u00e3o \u00e9\u00a0manter a temperatura de 20 a 21 graus celcius e a umidade entre 70 a 72%. Essas\u00a0condi\u00e7\u00f5es evitam ressecamento e quebra, al\u00e9m de proporcionar condi\u00e7\u00f5es para\u00a0continuidade do processo de envelhecimento.<\/li>\n<li>\u00a0Se voc\u00ea n\u00e3o possui um humidificador pode utilizar um recipiente pl\u00e1stico com\u00a0uma esponja envolvida em saco pl\u00e1stico para n\u00e3o entrar em contato com seus\u00a0charutos.<\/li>\n<li>Se o seu charuto ressecar n\u00e3o estar\u00e1 perdido, voc\u00ea pode voltar a umidific\u00e1-lo, n\u00e3o\u00a0se pode usar \u00e1gua, mas colocando-o por v\u00e1rios dias no humidificador ou no\u00a0recipiente pl\u00e1stico alternativo ele voltara a sua condi\u00e7\u00e3o inicial.<\/li>\n<\/ul>\n<h3><img decoding=\"async\" loading=\"lazy\" class=\"alignleft size-medium wp-image-300\" src=\"https:\/\/chaplintabacaria.com.br\/site\/wp-content\/uploads\/2018\/04\/charutos_luxo-214x300.gif\" alt=\"\" width=\"214\" height=\"300\" \/>Como Escolher&#8230;.<\/h3>\n<ul>\n<li>O tabaco cubano \u00e9 um fumo forte, encorpado e arom\u00e1tico.<\/li>\n<li>O tabaco dominicano vem de sementes cubanas, mas o seu fumo \u00e9 mais leve que o cubano, mas ainda com excelente complexidade.<\/li>\n<li>O tabaco brasileiro \u00e9 encorpado, arom\u00e1tico e levemente adocicado.<\/li>\n<\/ul>\n<h3>Curiosidades<\/h3>\n<ul>\n<li>\u00a0A palavra charuto deriva de cheroot, um tipo de charuto muito popular na era vitoriana;<\/li>\n<li>O teor de nicotina em um charuto \u00e9 maior do que em um cigarro, a vantagem \u00e9 que um charuto se fuma em quantidade menor que o cigarro e n\u00e3o se deve tragar a fuma\u00e7a, sendo assim, a absor\u00e7\u00e3o de nicotina \u00e9 menor.<\/li>\n<li>Em abril de 1996 a Sotheby\u00b4s leiloou bens pertencidos a Jacqueline Kennedy Onassis, entre eles um umidificador que pertenceu ao presidente John F. Kennedy, arrematado por Marvim R. Shankem por U$ 574.500.<\/li>\n<li>O charuto \u00e9 talvez a forma mais antiga de utiliza\u00e7\u00e3o do tabaco;<\/li>\n<li>O charuto, sem puxar fuma\u00e7a, fica aceso por no m\u00e1ximo 5 minutos.<\/li>\n<\/ul>\n","protected":false},"excerpt":{"rendered":"<p>\u201c O Charuto&#8230; \u00e9 algo que exige respeito. Apela a todos os sentidos, a todos os prazeres, ao olfato, ao gosto, ao tato, ao olhar&#8230; Um bom charuto encerra a promessa de uma experi\u00eancia de puro deleite.\u201d\u00a0\u00a0\u00a0 (Zino Davidoff) Como degustar&#8230; Para os iniciantes na degusta\u00e7\u00e3o do charuto \u00e9 recomendado come\u00e7ar a experimentar charutos mais&hellip;&nbsp;<a href=\"https:\/\/chaplintabacaria.com.br\/site\/charuto\/\" class=\"\" rel=\"bookmark\">Continue a ler &raquo;<span class=\"screen-reader-text\">Charuto<\/span><\/a><\/p>\n","protected":false},"author":1,"featured_media":0,"parent":0,"menu_order":0,"comment_status":"closed","ping_status":"closed","template":"","meta":{"neve_meta_sidebar":"","neve_meta_container":"","neve_meta_enable_content_width":"off","neve_meta_content_width":100,"neve_meta_title_alignment":"","neve_meta_author_avatar":"","neve_post_elements_order":"","neve_meta_disable_header":"","neve_meta_disable_footer":"","neve_meta_disable_title":""},"_links":{"self":[{"href":"https:\/\/chaplintabacaria.com.br\/site\/wp-json\/wp\/v2\/pages\/271"}],"collection":[{"href":"https:\/\/chaplintabacaria.com.br\/site\/wp-json\/wp\/v2\/pages"}],"about":[{"href":"https:\/\/chaplintabacaria.com.br\/site\/wp-json\/wp\/v2\/types\/page"}],"author":[{"embeddable":true,"href":"https:\/\/chaplintabacaria.com.br\/site\/wp-json\/wp\/v2\/users\/1"}],"replies":[{"embeddable":true,"href":"https:\/\/chaplintabacaria.com.br\/site\/wp-json\/wp\/v2\/comments?post=271"}],"version-history":[{"count":2,"href":"https:\/\/chaplintabacaria.com.br\/site\/wp-json\/wp\/v2\/pages\/271\/revisions"}],"predecessor-version":[{"id":887,"href":"https:\/\/chaplintabacaria.com.br\/site\/wp-json\/wp\/v2\/pages\/271\/revisions\/887"}],"wp:attachment":[{"href":"https:\/\/chaplintabacaria.com.br\/site\/wp-json\/wp\/v2\/media?parent=271"}],"curies":[{"name":"wp","href":"https:\/\/api.w.org\/{rel}","templated":true}]}}