{"id":270,"date":"2018-03-26T16:36:17","date_gmt":"2018-03-26T19:36:17","guid":{"rendered":"https:\/\/a3host.com.br\/teste\/?page_id=5"},"modified":"2023-06-10T18:36:05","modified_gmt":"2023-06-10T21:36:05","slug":"a-nobre-arte-de-fumar-cachimbo","status":"publish","type":"page","link":"https:\/\/chaplintabacaria.com.br\/site\/a-nobre-arte-de-fumar-cachimbo\/","title":{"rendered":"A Nobre Arte de Fumar Cachimbo"},"content":{"rendered":"<h3>Prazer:<\/h3>\n<p>Esta \u00e9 a palavra que melhor descreve o ato de fumar um cachimbo.<\/p>\n<div>Fumar cachimbo \u00e9 uma arte que qualquer pessoa pode dominar, requer somente um pouco de pr\u00e1tica. Diferentemente do cigarro, o cachimbo deve ser fumado de forma calma e tranquila e nunca em tragadas r\u00e1pidas.<\/div>\n<h3>Como colocar o fumo e acender&#8230;<img decoding=\"async\" loading=\"lazy\" class=\"alignright size-medium wp-image-56\" src=\"https:\/\/a3host.com.br\/teste\/wp-content\/uploads\/2018\/03\/cavendish_gde-300x221.jpg\" alt=\"\" width=\"300\" height=\"221\" srcset=\"https:\/\/chaplintabacaria.com.br\/site\/wp-content\/uploads\/2018\/03\/cavendish_gde-300x221.jpg 300w, https:\/\/chaplintabacaria.com.br\/site\/wp-content\/uploads\/2018\/03\/cavendish_gde.jpg 450w\" sizes=\"(max-width: 300px) 100vw, 300px\" \/><\/h3>\n<ul>\n<li>\n<div id=\"_mcePaste\">A perfeita distribui\u00e7\u00e3o do fumo no cachimbo \u00e9 muito importante para que ele queime por igual e suavemente;<\/div>\n<div id=\"_mcePaste\">Comece por encher o cachimbo pela metade com o fumo um tanto solto, em quantidades pequenas, socando um pouco mais, e termine compactando-o ao final.<\/div>\n<div id=\"_mcePaste\">Um cachimbo que contenha o fumo muito socado dificultar\u00e1 a passagem de ar, enquanto um cachimbo com o fumo muito solto tem tend\u00eancia a se apagar (ou queimar muito rapidamente), havendo necessidade de ser reacendido.<\/div>\n<div id=\"_mcePaste\">Recomendamos os f\u00f3sforos especiais para cachimbo, pois ficam mais tempo acesos do que os tradicionais, diminuindo o risco de queimar os dedos de quem est\u00e1 usando. Os isqueiros para cachimbo certamente podem ser usados tamb\u00e9m.<\/div>\n<div id=\"_mcePaste\">Acenda toda a \u00e1rea de superf\u00edcie do fumo dentro do fornilho com uma chama alta (a t\u00e9cnica de se acender um cachimbo \u00e9 puxando o ar de maneira uniforme na primeira tentativa de acend\u00ea-lo). A superf\u00edcie do fumo tende a se elevar quando est\u00e1 come\u00e7ando a queimar, devido ao calor. Utilize um utens\u00edlio apropriado, ou sua caixa de f\u00f3sforos para pressionar novamente o fumo, caso contr\u00e1rio, o cachimbo poder\u00e1 se apagar.<\/div>\n<p>A perfeita distribui\u00e7\u00e3o do fumo no cachimbo \u00e9 muito importante para que ele queime por igual e suavemente;<\/li>\n<li>Comece por encher o cachimbo pela metade com o fumo um tanto solto, em quantidades pequenas, socando um pouco mais, e termine compactando-o ao final.<\/li>\n<li>Um cachimbo que contenha o fumo muito socado dificultar\u00e1 a passagem de ar, enquanto um cachimbo com o fumo muito solto tem tend\u00eancia a se apagar (ou queimar muito rapidamente), havendo necessidade de ser reacendido.<\/li>\n<li>Recomendamos os f\u00f3sforos especiais para cachimbo, pois ficam mais tempo acesos do que os tradicionais, diminuindo o risco de queimar os dedos de quem est\u00e1 usando. Os isqueiros para cachimbo certamente podem ser usados tamb\u00e9m.<\/li>\n<li>Acenda toda a \u00e1rea de superf\u00edcie do fumo dentro do fornilho com uma chama alta (a t\u00e9cnica de se acender um cachimbo \u00e9 puxando o ar de maneira uniforme na primeira tentativa de acend\u00ea-lo). A superf\u00edcie do fumo tende a se elevar quando est\u00e1 come\u00e7ando a queimar, devido ao calor. Utilize um utens\u00edlio apropriado, ou sua caixa de f\u00f3sforos para pressionar novamente o fumo, caso contr\u00e1rio, o cachimbo poder\u00e1 se apagar.<\/li>\n<\/ul>\n<h3>T\u00e9cnicas para fumar&#8230;<\/h3>\n<div>\n<ul>\n<li>\u00c9 mais aconselh\u00e1vel deixar o cachimbo se apagar do que tentar deix\u00e1-lo aceso com tragadas r\u00e1pidas. Desta forma a fuma\u00e7a n\u00e3o ficar\u00e1 t\u00e3o quente a ponto de queimar sua l\u00edngua.<\/li>\n<li>Nunca bata o cachimbo para esvazi\u00e1-lo, use um Utens\u00edlio apropriado para limp\u00e1-la. Desta forma voc\u00ea manter\u00e1 o formato da cabe\u00e7a do cachimbo e evitar\u00e1 a quebra do cabo.<\/li>\n<li>Se desejar esvaziar o cachimbo batendo-o, segure-o pela cabe\u00e7a e nunca pelo cabo.<\/li>\n<\/ul>\n<\/div>\n<h3>Como amaciar&#8230;<\/h3>\n<div>\n<ul>\n<li>Muitos cachimbos atualmente j\u00e1 t\u00eam tratamento pr\u00e9vio, o que significa que j\u00e1 foram parcialmente amaciados.<\/li>\n<li>O cachimbo tem um sabor agrad\u00e1vel logo no primeiro uso.<\/li>\n<li>Ap\u00f3s algum tempo de uso, o cachimbo ter\u00e1 uma camada de carv\u00e3o de aproximadamente 1mm, sendo este tradicionalmente um sinal de que o cachimbo j\u00e1 est\u00e1 amaciado, e pronto para oferecer ao fumante seu melhor sabor.<\/li>\n<\/ul>\n<\/div>\n<h3>Como Conservar&#8230;<\/h3>\n<ul>\n<li>Use sempre uma escova de cachimbo, preferencialmente ap\u00f3s cada uso. Com este processo, voc\u00ea estar\u00e1 removendo qualquer felpa que, porventura, tenha se alojado em seu cachimbo.<\/li>\n<li>Se a camada de carv\u00e3o no fornilho ficar muito grossa, use um escareador ou uma faca de ponta arredondada para remover o excesso.<\/li>\n<li>Um cachimbo deve estar sempre seco antes de ser reutilizado. Por esta raz\u00e3o, os fumantes de cachimbo possuem v\u00e1rios modelos diferentes, tendo sempre \u00e0 sua disposi\u00e7\u00e3o, um que se encontre seco e resfriado.<\/li>\n<li>Para sua maior conveni\u00eancia, utilize uma bolsa em que possa alojar o cachimbo, a escova do cachimbo, o fumo, filtros, etc.<\/li>\n<\/ul>\n<h3>Tipos de cachimbo<\/h3>\n<div>\n<ul>\n<li>O uso de cachimbos com filtros est\u00e1 se tomando mais comum, e muitos dos cachimbos atualmente oferecem a op\u00e7\u00e3o de serem fumados com ou sem filtro.<\/li>\n<li>O filtro oferece v\u00e1rias vantagens: ele absorve o \u00f3leo do cachimbo, reduzindo o risco deste \u00f3leo chegar \u00e0 boca de quem est\u00e1 fumando; tamb\u00e9m produz uma sensa\u00e7\u00e3o mais suave e refrescante, acentuando o sabor do fumo. O filtro deve ser substitu\u00eddo ap\u00f3s 5-10 trocas de fumo.<\/li>\n<\/ul>\n<p><strong><em>Escolha o seu:<\/em><\/strong><\/p>\n<p><em>&#8220;Um cachimbo para cada personalidade&#8221;<\/em><\/p>\n<\/div>\n<p><strong><img decoding=\"async\" loading=\"lazy\" class=\"alignleft size-medium wp-image-54\" src=\"https:\/\/a3host.com.br\/teste\/wp-content\/uploads\/2018\/03\/unnamed-file-300x300.jpg\" alt=\"\" width=\"300\" height=\"300\" srcset=\"https:\/\/chaplintabacaria.com.br\/site\/wp-content\/uploads\/2018\/03\/unnamed-file-300x300.jpg 300w, https:\/\/chaplintabacaria.com.br\/site\/wp-content\/uploads\/2018\/03\/unnamed-file-100x100.jpg 100w, https:\/\/chaplintabacaria.com.br\/site\/wp-content\/uploads\/2018\/03\/unnamed-file-600x600.jpg 600w, https:\/\/chaplintabacaria.com.br\/site\/wp-content\/uploads\/2018\/03\/unnamed-file-150x150.jpg 150w, https:\/\/chaplintabacaria.com.br\/site\/wp-content\/uploads\/2018\/03\/unnamed-file-768x768.jpg 768w, https:\/\/chaplintabacaria.com.br\/site\/wp-content\/uploads\/2018\/03\/unnamed-file.jpg 800w\" sizes=\"(max-width: 300px) 100vw, 300px\" \/><\/strong>a)\u00a0<strong>Apple<\/strong>\u00a0&#8211; Com a cabe\u00e7a ligeiramente arredondada, lembra o formato de uma ma\u00e7\u00e3. O cabo normalmente \u00e9 reto, por\u00e9m alguns modelos tem cabo levemente curvado.<\/p>\n<div>b)\u00a0<strong>Billiard<\/strong>\u00a0&#8211; Este \u00e9 o cachimbo cl\u00e1ssico, o modelo que deu origem a todos os cachimbos modernos. Com um tamanho mediano de cabe\u00e7a, ele \u00e9 apropriado para a maioria das pessoas, inclusive principiantes.<\/div>\n<div>c)\u00a0<strong>Billiard Bent\/Classic Bent<\/strong>\u00a0&#8211; Como seu nome sugere, este \u00e9 o modelo cl\u00e1ssico com algumas caracter\u00edsticas do modelo Billiard.<\/div>\n<div>d)\u00a0<strong>Canadian<\/strong>\u00a0&#8211; Visto por muitos como o mais elegante e cl\u00e1ssico de todos os modelos. Tem um cabo singularmente longo e uma piteira curta.<\/div>\n<div>e)<strong>\u00a0Bulldog\u00a0<\/strong>&#8211; A cabe\u00e7a \u00e9 arredondada e sua parte inferior \u00e9 esculpida de forma caracter\u00edstica. Nos modelos em que o cabo \u00e9 curvo, d\u00e1-se o nome de Bent Bulldog.<\/div>\n","protected":false},"excerpt":{"rendered":"<p>Prazer: Esta \u00e9 a palavra que melhor descreve o ato de fumar um cachimbo. Fumar cachimbo \u00e9 uma arte que qualquer pessoa pode dominar, requer somente um pouco de pr\u00e1tica. Diferentemente do cigarro, o cachimbo deve ser fumado de forma calma e tranquila e nunca em tragadas r\u00e1pidas. Como colocar o fumo e acender&#8230; A&hellip;&nbsp;<a href=\"https:\/\/chaplintabacaria.com.br\/site\/a-nobre-arte-de-fumar-cachimbo\/\" class=\"\" rel=\"bookmark\">Continue a ler &raquo;<span class=\"screen-reader-text\">A Nobre Arte de Fumar Cachimbo<\/span><\/a><\/p>\n","protected":false},"author":1,"featured_media":0,"parent":0,"menu_order":0,"comment_status":"closed","ping_status":"closed","template":"","meta":{"neve_meta_sidebar":"","neve_meta_container":"","neve_meta_enable_content_width":"off","neve_meta_content_width":100,"neve_meta_title_alignment":"","neve_meta_author_avatar":"","neve_post_elements_order":"","neve_meta_disable_header":"","neve_meta_disable_footer":"","neve_meta_disable_title":""},"_links":{"self":[{"href":"https:\/\/chaplintabacaria.com.br\/site\/wp-json\/wp\/v2\/pages\/270"}],"collection":[{"href":"https:\/\/chaplintabacaria.com.br\/site\/wp-json\/wp\/v2\/pages"}],"about":[{"href":"https:\/\/chaplintabacaria.com.br\/site\/wp-json\/wp\/v2\/types\/page"}],"author":[{"embeddable":true,"href":"https:\/\/chaplintabacaria.com.br\/site\/wp-json\/wp\/v2\/users\/1"}],"replies":[{"embeddable":true,"href":"https:\/\/chaplintabacaria.com.br\/site\/wp-json\/wp\/v2\/comments?post=270"}],"version-history":[{"count":7,"href":"https:\/\/chaplintabacaria.com.br\/site\/wp-json\/wp\/v2\/pages\/270\/revisions"}],"predecessor-version":[{"id":883,"href":"https:\/\/chaplintabacaria.com.br\/site\/wp-json\/wp\/v2\/pages\/270\/revisions\/883"}],"wp:attachment":[{"href":"https:\/\/chaplintabacaria.com.br\/site\/wp-json\/wp\/v2\/media?parent=270"}],"curies":[{"name":"wp","href":"https:\/\/api.w.org\/{rel}","templated":true}]}}