{"id":12,"date":"2018-03-26T16:38:14","date_gmt":"2018-03-26T19:38:14","guid":{"rendered":"https:\/\/a3host.com.br\/teste\/?page_id=12"},"modified":"2018-04-09T09:43:44","modified_gmt":"2018-04-09T12:43:44","slug":"isqueiro-zippo","status":"publish","type":"page","link":"https:\/\/chaplintabacaria.com.br\/site\/isqueiro-zippo\/","title":{"rendered":"Isqueiro Zippo"},"content":{"rendered":"<p>Abaixo algumas curiosidades sobre o famoso isqueiro Zippo<\/p>\n<ul>\n<li>George G. Blaisdell inventou o isqueiro Zippo em 1932 em Bradford, Pennsylvania.<\/li>\n<li>O Zippo recebeu seu nome como uma deriva\u00e7\u00e3o da palavra zipper. O inventor do Zippo gostava do som da palavra zipper.<\/li>\n<li>O pre\u00e7o original de um isqueiro Zippo era de U$1.95.<\/li>\n<li>O design b\u00e1sico do isqueiro Zippo tem permanecido inalterado por mais de 70 anos.<\/li>\n<li>A Zippo produz cerca de 12 milh\u00f5es de isqueiros por ano.<\/li>\n<li>No fim da d\u00e9cada de 50, um isqueiro Zippo foi encontrado na barriga de um peixe. O isqueiro acendeu na primeira tentativa.<\/li>\n<li>21% das pessoas que possuem um isqueiro Zippo s\u00e3o colecionadores.<\/li>\n<\/ul>\n<ul>\n<li>De 1943 at\u00e9 o final da Segunda Guerra Mundial, toda a produ\u00e7\u00e3o da Zippo era mandada para os soldados em combate ao redor do mundo. Uma vez que cromo e bronze estavam em falta, os isqueiros \u00e0 prova de vento Zippo eram fabricados com metal poroso e cobertos com tinta preta que era cozida para obter um acabamento rugoso. O mecanismo interno era feito de zinco.<\/li>\n<li>Durante a Segunda Guerra, o Zippo se tornou conhecido como o &#8220;amigo do soldado&#8221; e era valorizado por sua confiabilidade e por ser uma lembran\u00e7a de casa.<\/li>\n<li>A escalada no uso do Zippo durante a Segunda Guerra Mundial foi refletida em um grande n\u00famero de filmes que retratam isqueiros Zippo, feitos durante e posteriormente este per\u00edodo.<\/li>\n<\/ul>\n<p>&nbsp;<\/p>\n<p><img decoding=\"async\" loading=\"lazy\" class=\"aligncenter wp-image-303 size-full\" src=\"https:\/\/chaplintabacaria.com.br\/site\/wp-content\/uploads\/2018\/04\/colecao-de-isqueiros-antigos-20170719003218.jpg\" alt=\"\" width=\"640\" height=\"480\" srcset=\"https:\/\/chaplintabacaria.com.br\/site\/wp-content\/uploads\/2018\/04\/colecao-de-isqueiros-antigos-20170719003218.jpg 640w, https:\/\/chaplintabacaria.com.br\/site\/wp-content\/uploads\/2018\/04\/colecao-de-isqueiros-antigos-20170719003218-600x450.jpg 600w, https:\/\/chaplintabacaria.com.br\/site\/wp-content\/uploads\/2018\/04\/colecao-de-isqueiros-antigos-20170719003218-300x225.jpg 300w\" sizes=\"(max-width: 640px) 100vw, 640px\" \/><\/p>\n","protected":false},"excerpt":{"rendered":"<p>Abaixo algumas curiosidades sobre o famoso isqueiro Zippo George G. Blaisdell inventou o isqueiro Zippo em 1932 em Bradford, Pennsylvania. O Zippo recebeu seu nome como uma deriva\u00e7\u00e3o da palavra zipper. O inventor do Zippo gostava do som da palavra zipper. O pre\u00e7o original de um isqueiro Zippo era de U$1.95. O design b\u00e1sico do&hellip;&nbsp;<a href=\"https:\/\/chaplintabacaria.com.br\/site\/isqueiro-zippo\/\" class=\"\" rel=\"bookmark\">Continue a ler &raquo;<span class=\"screen-reader-text\">Isqueiro Zippo<\/span><\/a><\/p>\n","protected":false},"author":1,"featured_media":0,"parent":0,"menu_order":0,"comment_status":"closed","ping_status":"closed","template":"","meta":{"neve_meta_sidebar":"","neve_meta_container":"","neve_meta_enable_content_width":"","neve_meta_content_width":0,"neve_meta_title_alignment":"","neve_meta_author_avatar":"","neve_post_elements_order":"","neve_meta_disable_header":"","neve_meta_disable_footer":"","neve_meta_disable_title":""},"_links":{"self":[{"href":"https:\/\/chaplintabacaria.com.br\/site\/wp-json\/wp\/v2\/pages\/12"}],"collection":[{"href":"https:\/\/chaplintabacaria.com.br\/site\/wp-json\/wp\/v2\/pages"}],"about":[{"href":"https:\/\/chaplintabacaria.com.br\/site\/wp-json\/wp\/v2\/types\/page"}],"author":[{"embeddable":true,"href":"https:\/\/chaplintabacaria.com.br\/site\/wp-json\/wp\/v2\/users\/1"}],"replies":[{"embeddable":true,"href":"https:\/\/chaplintabacaria.com.br\/site\/wp-json\/wp\/v2\/comments?post=12"}],"version-history":[{"count":2,"href":"https:\/\/chaplintabacaria.com.br\/site\/wp-json\/wp\/v2\/pages\/12\/revisions"}],"predecessor-version":[{"id":304,"href":"https:\/\/chaplintabacaria.com.br\/site\/wp-json\/wp\/v2\/pages\/12\/revisions\/304"}],"wp:attachment":[{"href":"https:\/\/chaplintabacaria.com.br\/site\/wp-json\/wp\/v2\/media?parent=12"}],"curies":[{"name":"wp","href":"https:\/\/api.w.org\/{rel}","templated":true}]}}